{"id":12,"date":"2013-07-07T13:12:53","date_gmt":"2013-07-07T12:12:53","guid":{"rendered":"http:\/\/johnspek.nl\/?page_id=12"},"modified":"2025-04-22T13:43:35","modified_gmt":"2025-04-22T12:43:35","slug":"home","status":"publish","type":"page","link":"https:\/\/johnspek.nl\/fr\/","title":{"rendered":"Home"},"content":{"rendered":"<h4><strong><img loading=\"lazy\" decoding=\"async\" class=\"alignright wp-image-99\" src=\"http:\/\/johnspek.nl\/wp-content\/uploads\/2013\/07\/werkfoto-199x300.jpg\" alt=\"werkfoto\" width=\"172\" height=\"259\" srcset=\"http:\/\/johnspek.nl\/wp-content\/uploads\/2013\/07\/werkfoto-199x300.jpg 199w, http:\/\/johnspek.nl\/wp-content\/uploads\/2013\/07\/werkfoto-66x100.jpg 66w, http:\/\/johnspek.nl\/wp-content\/uploads\/2013\/07\/werkfoto.jpg 465w\" sizes=\"auto, (max-width: 172px) 100vw, 172px\" \/>John Spek est un sculpteur d&rsquo;une cat\u00e9gorie particuli\u00e8re qui renonce \u00e0 l&rsquo;utilisation du bois, de la pierre, de la gouge, du marteau et du burin.<\/strong><\/h4>\r\n<p>Il utilise comme mat\u00e9riaux principaux l&rsquo;acier inoxydable et le bronze sous forme plate. Apr\u00e8s une phase de pr\u00e9paration, consistant en des esquisses au crayon et des mod\u00e8les en carton, l&rsquo;artiste se transforme en artisan d&rsquo;art qui coupe, plie, soude et ponce les mat\u00e9riaux. Parall\u00e8lement \u00e0 la forme, John Spek accorde \u00e9galement beaucoup d&rsquo;importance \u00e0 l&rsquo;aspect de la surface de ses objets. Tout en effectuant des op\u00e9rations pour matir, lustrer et patiner, il laisse la lumi\u00e8re impr\u00e9gner les objets qui provoquera un effet surprenant dans l&rsquo;\u00e2me de celui qui contemplera ses \u0153uvres.<\/p>\r\n<p>Pendant que l&rsquo;art prend forme, l&rsquo;artiste passe par des phases de souffrance physique (sang, sueur et larmes) difficiles \u00e0 d\u00e9celer en observant le r\u00e9sultat final, tellement ses \u0153uvres sont impeccables et \u00e9loquentes! Le mat\u00e9riau utilis\u00e9 par John est l&rsquo;un des plus difficiles \u00e0 travailler pour un artiste plasticien. Au fil de ses nombreuses ann\u00e9es de travail et de vie avec ce m\u00e9tal, John a d\u00e9velopp\u00e9 une intuition particuli\u00e8re pour lui. Il conna\u00eet son inflexibilit\u00e9 et sa sensibilit\u00e9 et int\u00e8gre avec respect et amour ces propri\u00e9t\u00e9s dans son travail.<\/p>\r\n<p>Plus il gagne en aisance artisanale, plus il s&rsquo;accorde de libert\u00e9 en tant que cr\u00e9ateur. Au cours des ann\u00e9es, son style a \u00e9volu\u00e9 : d&rsquo;abord d&rsquo;ordre g\u00e9om\u00e9trique-abstrait, il s&rsquo;est orient\u00e9 vers des formes plus circulaires pour finalement aboutir \u00e0 un univers presque organique, riche en arrondis, en ondulations et en torsions. Ces formes veulent illustrer la croissance, la danse ou encore l&rsquo;enlacement.<\/p>\r\n<p>Ses objets monumentaux (certains atteignent plus de 10 m\u00e8tres de hauteur) sont expos\u00e9s \u00e0 diff\u00e9rents endroits dans tout le pays. Ils ont une allure tant\u00f4t s\u00e9v\u00e8re tant\u00f4t dynamique voire fol\u00e2tre: tout d\u00e9pend de l&rsquo;intention de l&rsquo;artiste et de l&rsquo;endroit o\u00f9 ils sont expos\u00e9s. John Spek cherche \u00e0 cr\u00e9er tant\u00f4t une harmonie tant\u00f4t un contraste avec le lieu.<\/p>\r\n<p>John ne cr\u00e9e cependant pas uniquement des formats monumentaux. Il r\u00e9alise \u00e9galement des objets pour les jardins priv\u00e9s ou pour les int\u00e9rieurs, ce qui ravit de nombreux amateurs d&rsquo;art.<\/p>\r\n<p>L&rsquo;art de John Spek est incontestablement moderne tout en restant accessible \u00e0 ceux qui contemplent son travail. Ses \u0153uvres ne sont ni l&rsquo;expression d&rsquo;une \u00e2me tourment\u00e9e ni quelques protestations contre le mal qui s\u00e9vit dans le monde.<\/p>\r\n<p>Son objectif est tout simplement d&rsquo;exprimer la beaut\u00e9 et de la divulguer. On pourrait comparer l&rsquo;objectif de son travail \u00e0 celui de la musique classique. C&rsquo;est pourquoi, contrairement \u00e0 certains artistes modernes, il s&rsquo;adresse \u00e0 un public tr\u00e8s large.<\/p>\r\n<p>H. Slim, ancien pr\u00e9sident de la Commission d&rsquo;acquisition d&rsquo;art moderne.<\/p>\r\n<p>&nbsp;<\/p>\r\n<h4><strong><\/strong><\/h4>\r\n<p>&nbsp;<\/p>\r\n<h4><strong><\/strong><\/h4>\r\n<h4><strong><img loading=\"lazy\" decoding=\"async\" class=\"alignright wp-image-99\" src=\"http:\/\/johnspek.nl\/wp-content\/uploads\/2013\/07\/werkfoto-199x300.jpg\" alt=\"werkfoto\" width=\"172\" height=\"259\" srcset=\"http:\/\/johnspek.nl\/wp-content\/uploads\/2013\/07\/werkfoto-199x300.jpg 199w, http:\/\/johnspek.nl\/wp-content\/uploads\/2013\/07\/werkfoto-66x100.jpg 66w, http:\/\/johnspek.nl\/wp-content\/uploads\/2013\/07\/werkfoto.jpg 465w\" sizes=\"auto, (max-width: 172px) 100vw, 172px\" \/>John Spek est un sculpteur d&rsquo;une cat\u00e9gorie particuli\u00e8re qui renonce \u00e0 l&rsquo;utilisation du bois, de la pierre, de la gouge, du marteau et du burin.<\/strong><\/h4>\r\n<p>Il utilise comme mat\u00e9riaux principaux l&rsquo;acier inoxydable et le bronze sous forme plate. Apr\u00e8s une phase de pr\u00e9paration, consistant en des esquisses au crayon et des mod\u00e8les en carton, l&rsquo;artiste se transforme en artisan d&rsquo;art qui coupe, plie, soude et ponce les mat\u00e9riaux. Parall\u00e8lement \u00e0 la forme, John Spek accorde \u00e9galement beaucoup d&rsquo;importance \u00e0 l&rsquo;aspect de la surface de ses objets. Tout en effectuant des op\u00e9rations pour matir, lustrer et patiner, il laisse la lumi\u00e8re impr\u00e9gner les objets qui provoquera un effet surprenant dans l&rsquo;\u00e2me de celui qui contemplera ses \u0153uvres.<\/p>\r\n<p>Pendant que l&rsquo;art prend forme, l&rsquo;artiste passe par des phases de souffrance physique (sang, sueur et larmes) difficiles \u00e0 d\u00e9celer en observant le r\u00e9sultat final, tellement ses \u0153uvres sont impeccables et \u00e9loquentes! Le mat\u00e9riau utilis\u00e9 par John est l&rsquo;un des plus difficiles \u00e0 travailler pour un artiste plasticien. Au fil de ses nombreuses ann\u00e9es de travail et de vie avec ce m\u00e9tal, John a d\u00e9velopp\u00e9 une intuition particuli\u00e8re pour lui. Il conna\u00eet son inflexibilit\u00e9 et sa sensibilit\u00e9 et int\u00e8gre avec respect et amour ces propri\u00e9t\u00e9s dans son travail.<\/p>\r\n<p>Plus il gagne en aisance artisanale, plus il s&rsquo;accorde de libert\u00e9 en tant que cr\u00e9ateur. Au cours des ann\u00e9es, son style a \u00e9volu\u00e9 : d&rsquo;abord d&rsquo;ordre g\u00e9om\u00e9trique-abstrait, il s&rsquo;est orient\u00e9 vers des formes plus circulaires pour finalement aboutir \u00e0 un univers presque organique, riche en arrondis, en ondulations et en torsions. Ces formes veulent illustrer la croissance, la danse ou encore l&rsquo;enlacement.<\/p>\r\n<p>Ses objets monumentaux (certains atteignent plus de 10 m\u00e8tres de hauteur) sont expos\u00e9s \u00e0 diff\u00e9rents endroits dans tout le pays. Ils ont une allure tant\u00f4t s\u00e9v\u00e8re tant\u00f4t dynamique voire fol\u00e2tre: tout d\u00e9pend de l&rsquo;intention de l&rsquo;artiste et de l&rsquo;endroit o\u00f9 ils sont expos\u00e9s. John Spek cherche \u00e0 cr\u00e9er tant\u00f4t une harmonie tant\u00f4t un contraste avec le lieu.<\/p>\r\n<p>John ne cr\u00e9e cependant pas uniquement des formats monumentaux. Il r\u00e9alise \u00e9galement des objets pour les jardins priv\u00e9s ou pour les int\u00e9rieurs, ce qui ravit de nombreux amateurs d&rsquo;art.<\/p>\r\n<p>L&rsquo;art de John Spek est incontestablement moderne tout en restant accessible \u00e0 ceux qui contemplent son travail. Ses \u0153uvres ne sont ni l&rsquo;expression d&rsquo;une \u00e2me tourment\u00e9e ni quelques protestations contre le mal qui s\u00e9vit dans le monde.<\/p>\r\n<p>Son objectif est tout simplement d&rsquo;exprimer la beaut\u00e9 et de la divulguer. On pourrait comparer l&rsquo;objectif de son travail \u00e0 celui de la musique classique. C&rsquo;est pourquoi, contrairement \u00e0 certains artistes modernes, il s&rsquo;adresse \u00e0 un public tr\u00e8s large.<\/p>\r\n<p>H. Slim, ancien pr\u00e9sident de la Commission d&rsquo;acquisition d&rsquo;art moderne.<\/p>\r\n<p>&nbsp;<\/p>\r\n<h4><strong><\/strong><\/h4>\r\n<p>&nbsp;<\/p>\r\n<h4><strong><\/strong><\/h4>","protected":false},"excerpt":{"rendered":"<p>John Spek est un sculpteur d&rsquo;une cat\u00e9gorie particuli\u00e8re qui renonce \u00e0 l&rsquo;utilisation du bois, de la pierre, de la gouge, du marteau et du burin. Il utilise comme mat\u00e9riaux principaux l&rsquo;acier inoxydable et le bronze sous forme plate. Apr\u00e8s une phase de pr\u00e9paration, consistant en des esquisses au crayon et des mod\u00e8les en carton, l&rsquo;artiste se transforme en artisan d&rsquo;art qui coupe, plie, soude et ponce les mat\u00e9riaux. Parall\u00e8lement \u00e0 la forme, John Spek accorde \u00e9galement beaucoup d&rsquo;importance \u00e0 l&rsquo;aspect de la surface de ses objets. Tout en effectuant des op\u00e9rations pour matir, lustrer et patiner, il laisse la lumi\u00e8re impr\u00e9gner les objets qui provoquera un effet surprenant dans l&rsquo;\u00e2me de celui qui contemplera ses \u0153uvres. Pendant que l&rsquo;art prend forme, l&rsquo;artiste passe par des phases de souffrance physique (sang, sueur et larmes) difficiles \u00e0 d\u00e9celer en observant le r\u00e9sultat final, tellement ses \u0153uvres sont impeccables et \u00e9loquentes! Le mat\u00e9riau utilis\u00e9 par John est l&rsquo;un des plus difficiles \u00e0 travailler pour un artiste plasticien. Au fil de ses nombreuses ann\u00e9es de travail et de vie avec ce m\u00e9tal, John a d\u00e9velopp\u00e9 une intuition particuli\u00e8re pour lui. Il conna\u00eet son inflexibilit\u00e9 et sa sensibilit\u00e9 et int\u00e8gre avec respect et amour ces propri\u00e9t\u00e9s dans son travail. Plus il gagne en aisance artisanale, plus il s&rsquo;accorde de libert\u00e9 en tant que cr\u00e9ateur. Au cours des ann\u00e9es, son style a \u00e9volu\u00e9 : d&rsquo;abord d&rsquo;ordre g\u00e9om\u00e9trique-abstrait, il s&rsquo;est orient\u00e9 vers des formes plus circulaires pour finalement aboutir \u00e0 un univers presque organique, riche en arrondis, en ondulations et en torsions. Ces formes veulent illustrer la croissance, la danse ou encore l&rsquo;enlacement. Ses objets monumentaux (certains atteignent plus de 10 m\u00e8tres de hauteur) sont expos\u00e9s \u00e0 diff\u00e9rents endroits dans tout le [&hellip;]<\/p>\n","protected":false},"author":1,"featured_media":0,"parent":0,"menu_order":0,"comment_status":"closed","ping_status":"closed","template":"100-width.php","meta":{"footnotes":""},"class_list":["post-12","page","type-page","status-publish","hentry"],"_links":{"self":[{"href":"https:\/\/johnspek.nl\/fr\/wp-json\/wp\/v2\/pages\/12","targetHints":{"allow":["GET"]}}],"collection":[{"href":"https:\/\/johnspek.nl\/fr\/wp-json\/wp\/v2\/pages"}],"about":[{"href":"https:\/\/johnspek.nl\/fr\/wp-json\/wp\/v2\/types\/page"}],"author":[{"embeddable":true,"href":"https:\/\/johnspek.nl\/fr\/wp-json\/wp\/v2\/users\/1"}],"replies":[{"embeddable":true,"href":"https:\/\/johnspek.nl\/fr\/wp-json\/wp\/v2\/comments?post=12"}],"version-history":[{"count":114,"href":"https:\/\/johnspek.nl\/fr\/wp-json\/wp\/v2\/pages\/12\/revisions"}],"predecessor-version":[{"id":1280,"href":"https:\/\/johnspek.nl\/fr\/wp-json\/wp\/v2\/pages\/12\/revisions\/1280"}],"wp:attachment":[{"href":"https:\/\/johnspek.nl\/fr\/wp-json\/wp\/v2\/media?parent=12"}],"curies":[{"name":"wp","href":"https:\/\/api.w.org\/{rel}","templated":true}]}}