{"id":12,"date":"2013-07-07T13:12:53","date_gmt":"2013-07-07T12:12:53","guid":{"rendered":"http:\/\/johnspek.nl\/?page_id=12"},"modified":"2025-04-22T13:43:35","modified_gmt":"2025-04-22T12:43:35","slug":"home","status":"publish","type":"page","link":"https:\/\/johnspek.nl\/de\/","title":{"rendered":"Home"},"content":{"rendered":"<h4><strong><img loading=\"lazy\" decoding=\"async\" class=\"alignright wp-image-99\" src=\"http:\/\/johnspek.nl\/wp-content\/uploads\/2013\/07\/werkfoto-199x300.jpg\" alt=\"werkfoto\" width=\"172\" height=\"259\" srcset=\"http:\/\/johnspek.nl\/wp-content\/uploads\/2013\/07\/werkfoto-199x300.jpg 199w, http:\/\/johnspek.nl\/wp-content\/uploads\/2013\/07\/werkfoto-66x100.jpg 66w, http:\/\/johnspek.nl\/wp-content\/uploads\/2013\/07\/werkfoto.jpg 465w\" sizes=\"auto, (max-width: 172px) 100vw, 172px\" \/><strong>Willkommen auf meiner Internetseite!<\/strong><\/strong><\/h4>\r\n<p>Meine ersten Werke, es waren Metallskulpturen, entstanden schon vor meinem Studium an der Kunsthochschule Gerrit Rietveld Academie in Amsterdam (1978-1983). W\u00e4hrend und nach meinem Studium entstanden weitere Skulpturen aus Metall, rostfreiem Stahl und Bronze.<\/p>\r\n<p>Sie finden hier Informationen von meinem Oeuvre, au\u00dferdem Foto&#8217;s meiner Werke. Die Fotogalerie ist unterteilt in verschiedene Perioden. Wenn Sie Interesse an meinen Werken haben und ausf\u00fchrliche Informationen w\u00fcnschen, dann rufen Sie mich bitte an.<\/p>\r\n<p>F\u00fcr Auftragsarbeiten k\u00f6nnen wir einen Termin vereinbaren, dazu ist es m\u00f6glich mich in meinem Atelier zu besuchen. Desweiteren besteht die M\u00f6glichkeit die Skulpturen im \u00f6ffentlichen Raum zu besichtigen.<\/p>\r\n<p>Ich w\u00fcnsche Ihnen viel Spa\u00df beim Besichtigen meiner Seite.<\/p>\r\n<p>_________________________________________________________________<\/p>\r\n<p>John Spek ist ein Bildhauer ohne Einsatz von Holz oder Stein, Schnitzwerkzeuge,Hammer oder Beitel.<\/p>\r\n<p>Der Bildhauer findet sein Material haupts\u00e4chlich in Metall, rostfreiem Stahl undBronze. Mit Bleistiftskizzen und Kartonmodellen arbeitet der K\u00fcnstler dieGrundplanung aus, nach der er den Lauf der Linien und Formen festlegt. Dann wird er\u2018artisan&#8216;, der das Material schneidet, verbiegt, verbindet, schwei\u00dft undschleift. Abgesehen von der Form schenkt er der Haut seiner Objekte viel Aufmerksamkeit. Dasverborgene Wesen der Skulptur wird durch Verfahren wie Schleifen, Polieren undPatinieren sichtbar gemacht. Das Licht treibt ein Spiel mit den Perspektiven undl\u00e4sst dem Zuschauer die Skulptur aus mehreren interessanten Blickpunkten erleben.<\/p>\r\n<p>Eine k\u00fcnstlerische Leistung entsteht mit Blut, Schwei\u00df und Tr\u00e4nen. Eine gro\u00dfeLeistung wird es, wenn man am Ergebnis den Prozess nicht ablesen kann. Die Werke vonJohn sehen so makellos und so nat\u00fcrlich aus! John hat eines der schwierigsten Materialien, die ein K\u00fcnstler w\u00e4hlen kann, gew\u00e4hlt.Infolge von dem jahrelangen Arbeiten mit Metall hat er ein besonderes Gef\u00fchl f\u00fcrdieses Material entwickelt. Er kennt den widerspenstigen Charakter und auch dieVerletzbarkeit des Materials und ber\u00fccksichtigt dieses mit Sorgfalt.<\/p>\r\n<p>Je nachdem seine F\u00e4higkeit als Handwerker wuchs, erhielt er mehr Freiheit alsEntwerfer. Seine Stilrichtung hat sich im Verlauf der Jahre von einergeometrisch-abstrakten Darstellungsweise \u00fcber die Kreisform zu einer teilweise nochgegenstandslosen, organischen Formenwelt mit W\u00f6lbungen, Kurven und Torsionenentfaltet. Die Formen assoziieren an sprie\u00dfen, wachsen, tanzen, sich aufrichten undumarmen.<\/p>\r\n<p>Seine imposanten Objekte, teilweise mit einer H\u00f6he \u00fcber zehn Meter, sind in vielenOrten im Lande zu sehen. Die Objekte sind manchmal gebieterisch, manchmalschwungvoll oder sogar verspielt. Das ist abh\u00e4ngig von dem Grundgedanken, den derK\u00fcnstler hatte, und von dem Flecken, beziehungsweise dem Landstrich. Mitunter suchter das eine Mal die Harmonie mit dem Ort und das andere Mal gerade den Kontrast.<\/p>\r\n<p>F\u00fcr den privaten Kunstliebhaber arbeitet John gl\u00fccklicherweise nicht nur mitimposanten Gr\u00f6\u00dfen. Er macht auch Objekte f\u00fcr den privaten Garten und f\u00fcr R\u00e4ume imHause.<\/p>\r\n<p>Die Kunst von John Spek ist zweifelsfrei moderne Kunst. Er macht es aber demZuschauer nicht sehr schwierig. Seine Werke sind nicht der Schrei von einererdr\u00fcckten Seele und kein Protest gegen alle Beschwerlichkeiten in dieser Welt. Erm\u00f6chte dem Zuschauer das Sch\u00f6ne darbieten, auf eine Weise womit auch die klassischeMusik das Sch\u00f6ne zur Darbietung bringt. Daher sprechen seine Werke ein Publikum an,dass viel gr\u00f6\u00dfer ist als der Kreis von eingefleischten Kennern von Moderner Kunst.<\/p>\r\n<p>H. Slim, Alt-Vorsitzender Kunsterwerbkommission Bouwfonds<\/p>\r\n<p>_________________________________________________________________<\/p>\r\n<p>John Spek arbeitet leidenschaftlich mit den Materialien Edelstahl und Bronze. SeineLiebe gilt der Metallplatte, die er intensiv bearbeitet. Es entstehen Skulpturen miteiner Formensprache, die sich durch zielsichere und kraftvolle Linien und Fl\u00e4chenkennzeichnen.<\/p>\r\n<p>T\u00e4glich experimentiert der K\u00fcnstler mit Abstraktionen, die sich zu organischenFormen entwickeln, und zu einer gewissen Erkennbarkeit f\u00fchren. Ein besondererK\u00fcnstler mit einer au\u00dfergew\u00f6hnlichen Fertigkeit und faszinierenden dreidimensionalenWerken.<\/p>\r\n<p>Frau Dr. T. Loggers<\/p>\r\n<p>&nbsp;<\/p>\r\n<h4><strong><\/strong><\/h4>\r\n<p>&nbsp;<\/p>\r\n<h4><strong><\/strong><\/h4>\r\n<h4><strong><img loading=\"lazy\" decoding=\"async\" class=\"alignright wp-image-99\" src=\"http:\/\/johnspek.nl\/wp-content\/uploads\/2013\/07\/werkfoto-199x300.jpg\" alt=\"werkfoto\" width=\"172\" height=\"259\" srcset=\"http:\/\/johnspek.nl\/wp-content\/uploads\/2013\/07\/werkfoto-199x300.jpg 199w, http:\/\/johnspek.nl\/wp-content\/uploads\/2013\/07\/werkfoto-66x100.jpg 66w, http:\/\/johnspek.nl\/wp-content\/uploads\/2013\/07\/werkfoto.jpg 465w\" sizes=\"auto, (max-width: 172px) 100vw, 172px\" \/><strong>Willkommen auf meiner Internetseite!<\/strong><\/strong><\/h4>\r\n<p>Meine ersten Werke, es waren Metallskulpturen, entstanden schon vor meinem Studium an der Kunsthochschule Gerrit Rietveld Academie in Amsterdam (1978-1983). W\u00e4hrend und nach meinem Studium entstanden weitere Skulpturen aus Metall, rostfreiem Stahl und Bronze.<\/p>\r\n<p>Sie finden hier Informationen von meinem Oeuvre, au\u00dferdem Foto&#8217;s meiner Werke. Die Fotogalerie ist unterteilt in verschiedene Perioden. Wenn Sie Interesse an meinen Werken haben und ausf\u00fchrliche Informationen w\u00fcnschen, dann rufen Sie mich bitte an.<\/p>\r\n<p>F\u00fcr Auftragsarbeiten k\u00f6nnen wir einen Termin vereinbaren, dazu ist es m\u00f6glich mich in meinem Atelier zu besuchen. Desweiteren besteht die M\u00f6glichkeit die Skulpturen im \u00f6ffentlichen Raum zu besichtigen.<\/p>\r\n<p>Ich w\u00fcnsche Ihnen viel Spa\u00df beim Besichtigen meiner Seite.<\/p>\r\n<p>_________________________________________________________________<\/p>\r\n<p>John Spek ist ein Bildhauer ohne Einsatz von Holz oder Stein, Schnitzwerkzeuge,Hammer oder Beitel.<\/p>\r\n<p>Der Bildhauer findet sein Material haupts\u00e4chlich in Metall, rostfreiem Stahl undBronze. Mit Bleistiftskizzen und Kartonmodellen arbeitet der K\u00fcnstler dieGrundplanung aus, nach der er den Lauf der Linien und Formen festlegt. Dann wird er\u2018artisan&#8216;, der das Material schneidet, verbiegt, verbindet, schwei\u00dft undschleift. Abgesehen von der Form schenkt er der Haut seiner Objekte viel Aufmerksamkeit. Dasverborgene Wesen der Skulptur wird durch Verfahren wie Schleifen, Polieren undPatinieren sichtbar gemacht. Das Licht treibt ein Spiel mit den Perspektiven undl\u00e4sst dem Zuschauer die Skulptur aus mehreren interessanten Blickpunkten erleben.<\/p>\r\n<p>Eine k\u00fcnstlerische Leistung entsteht mit Blut, Schwei\u00df und Tr\u00e4nen. Eine gro\u00dfeLeistung wird es, wenn man am Ergebnis den Prozess nicht ablesen kann. Die Werke vonJohn sehen so makellos und so nat\u00fcrlich aus! John hat eines der schwierigsten Materialien, die ein K\u00fcnstler w\u00e4hlen kann, gew\u00e4hlt.Infolge von dem jahrelangen Arbeiten mit Metall hat er ein besonderes Gef\u00fchl f\u00fcrdieses Material entwickelt. Er kennt den widerspenstigen Charakter und auch dieVerletzbarkeit des Materials und ber\u00fccksichtigt dieses mit Sorgfalt.<\/p>\r\n<p>Je nachdem seine F\u00e4higkeit als Handwerker wuchs, erhielt er mehr Freiheit alsEntwerfer. Seine Stilrichtung hat sich im Verlauf der Jahre von einergeometrisch-abstrakten Darstellungsweise \u00fcber die Kreisform zu einer teilweise nochgegenstandslosen, organischen Formenwelt mit W\u00f6lbungen, Kurven und Torsionenentfaltet. Die Formen assoziieren an sprie\u00dfen, wachsen, tanzen, sich aufrichten undumarmen.<\/p>\r\n<p>Seine imposanten Objekte, teilweise mit einer H\u00f6he \u00fcber zehn Meter, sind in vielenOrten im Lande zu sehen. Die Objekte sind manchmal gebieterisch, manchmalschwungvoll oder sogar verspielt. Das ist abh\u00e4ngig von dem Grundgedanken, den derK\u00fcnstler hatte, und von dem Flecken, beziehungsweise dem Landstrich. Mitunter suchter das eine Mal die Harmonie mit dem Ort und das andere Mal gerade den Kontrast.<\/p>\r\n<p>F\u00fcr den privaten Kunstliebhaber arbeitet John gl\u00fccklicherweise nicht nur mitimposanten Gr\u00f6\u00dfen. Er macht auch Objekte f\u00fcr den privaten Garten und f\u00fcr R\u00e4ume imHause.<\/p>\r\n<p>Die Kunst von John Spek ist zweifelsfrei moderne Kunst. Er macht es aber demZuschauer nicht sehr schwierig. Seine Werke sind nicht der Schrei von einererdr\u00fcckten Seele und kein Protest gegen alle Beschwerlichkeiten in dieser Welt. Erm\u00f6chte dem Zuschauer das Sch\u00f6ne darbieten, auf eine Weise womit auch die klassischeMusik das Sch\u00f6ne zur Darbietung bringt. Daher sprechen seine Werke ein Publikum an,dass viel gr\u00f6\u00dfer ist als der Kreis von eingefleischten Kennern von Moderner Kunst.<\/p>\r\n<p>H. Slim, Alt-Vorsitzender Kunsterwerbkommission Bouwfonds<\/p>\r\n<p>_________________________________________________________________<\/p>\r\n<p>John Spek arbeitet leidenschaftlich mit den Materialien Edelstahl und Bronze. SeineLiebe gilt der Metallplatte, die er intensiv bearbeitet. Es entstehen Skulpturen miteiner Formensprache, die sich durch zielsichere und kraftvolle Linien und Fl\u00e4chenkennzeichnen.<\/p>\r\n<p>T\u00e4glich experimentiert der K\u00fcnstler mit Abstraktionen, die sich zu organischenFormen entwickeln, und zu einer gewissen Erkennbarkeit f\u00fchren. Ein besondererK\u00fcnstler mit einer au\u00dfergew\u00f6hnlichen Fertigkeit und faszinierenden dreidimensionalenWerken.<\/p>\r\n<p>Frau Dr. T. Loggers<\/p>\r\n<p>&nbsp;<\/p>\r\n<h4><strong><\/strong><\/h4>\r\n<p>&nbsp;<\/p>\r\n<h4><strong><\/strong><\/h4>","protected":false},"excerpt":{"rendered":"<p>Willkommen auf meiner Internetseite! Meine ersten Werke, es waren Metallskulpturen, entstanden schon vor meinem Studium an der Kunsthochschule Gerrit Rietveld Academie in Amsterdam (1978-1983). W\u00e4hrend und nach meinem Studium entstanden weitere Skulpturen aus Metall, rostfreiem Stahl und Bronze. Sie finden hier Informationen von meinem Oeuvre, au\u00dferdem Foto&#8217;s meiner Werke. Die Fotogalerie ist unterteilt in verschiedene Perioden. Wenn Sie Interesse an meinen Werken haben und ausf\u00fchrliche Informationen w\u00fcnschen, dann rufen Sie mich bitte an. F\u00fcr Auftragsarbeiten k\u00f6nnen wir einen Termin vereinbaren, dazu ist es m\u00f6glich mich in meinem Atelier zu besuchen. Desweiteren besteht die M\u00f6glichkeit die Skulpturen im \u00f6ffentlichen Raum zu besichtigen. Ich w\u00fcnsche Ihnen viel Spa\u00df beim Besichtigen meiner Seite. _________________________________________________________________ John Spek ist ein Bildhauer ohne Einsatz von Holz oder Stein, Schnitzwerkzeuge,Hammer oder Beitel. Der Bildhauer findet sein Material haupts\u00e4chlich in Metall, rostfreiem Stahl undBronze. Mit Bleistiftskizzen und Kartonmodellen arbeitet der K\u00fcnstler dieGrundplanung aus, nach der er den Lauf der Linien und Formen festlegt. Dann wird er\u2018artisan&#8216;, der das Material schneidet, verbiegt, verbindet, schwei\u00dft undschleift. Abgesehen von der Form schenkt er der Haut seiner Objekte viel Aufmerksamkeit. Dasverborgene Wesen der Skulptur wird durch Verfahren wie Schleifen, Polieren undPatinieren sichtbar gemacht. Das Licht treibt ein Spiel mit den Perspektiven undl\u00e4sst dem Zuschauer die Skulptur aus mehreren interessanten Blickpunkten erleben. Eine k\u00fcnstlerische Leistung entsteht mit Blut, Schwei\u00df und Tr\u00e4nen. Eine gro\u00dfeLeistung wird es, wenn man am Ergebnis den Prozess nicht ablesen kann. Die Werke vonJohn sehen so makellos und so nat\u00fcrlich aus! John hat eines der schwierigsten Materialien, die ein K\u00fcnstler w\u00e4hlen kann, gew\u00e4hlt.Infolge von dem jahrelangen Arbeiten mit Metall hat er ein besonderes Gef\u00fchl f\u00fcrdieses Material entwickelt. Er kennt den widerspenstigen Charakter und auch dieVerletzbarkeit des Materials und ber\u00fccksichtigt dieses mit Sorgfalt. Je nachdem seine [&hellip;]<\/p>\n","protected":false},"author":1,"featured_media":0,"parent":0,"menu_order":0,"comment_status":"closed","ping_status":"closed","template":"100-width.php","meta":{"footnotes":""},"class_list":["post-12","page","type-page","status-publish","hentry"],"_links":{"self":[{"href":"https:\/\/johnspek.nl\/de\/wp-json\/wp\/v2\/pages\/12","targetHints":{"allow":["GET"]}}],"collection":[{"href":"https:\/\/johnspek.nl\/de\/wp-json\/wp\/v2\/pages"}],"about":[{"href":"https:\/\/johnspek.nl\/de\/wp-json\/wp\/v2\/types\/page"}],"author":[{"embeddable":true,"href":"https:\/\/johnspek.nl\/de\/wp-json\/wp\/v2\/users\/1"}],"replies":[{"embeddable":true,"href":"https:\/\/johnspek.nl\/de\/wp-json\/wp\/v2\/comments?post=12"}],"version-history":[{"count":114,"href":"https:\/\/johnspek.nl\/de\/wp-json\/wp\/v2\/pages\/12\/revisions"}],"predecessor-version":[{"id":1280,"href":"https:\/\/johnspek.nl\/de\/wp-json\/wp\/v2\/pages\/12\/revisions\/1280"}],"wp:attachment":[{"href":"https:\/\/johnspek.nl\/de\/wp-json\/wp\/v2\/media?parent=12"}],"curies":[{"name":"wp","href":"https:\/\/api.w.org\/{rel}","templated":true}]}}